{"id":6281,"date":"2017-07-06T13:29:34","date_gmt":"2017-07-06T11:29:34","guid":{"rendered":"http:\/\/artgraf-reklama.home.pl\/solna11\/en\/?page_id=6281"},"modified":"2017-07-06T13:29:58","modified_gmt":"2017-07-06T11:29:58","slug":"gallery","status":"publish","type":"page","link":"https:\/\/solna11.artgraf.eu\/en\/gallery\/","title":{"rendered":""},"content":{"rendered":"<section class=\"l-section wpb_row height_medium\"><div class=\"l-section-h i-cf\"><div class=\"g-cols type_default valign_top\"><div class=\"vc_col-sm-12 wpb_column vc_column_container\"><div class=\"vc_column-inner\"><div class=\"wpb_wrapper\">\n\t<div class=\"wpb_text_column \">\n\t\t<div class=\"wpb_wrapper\">\n\t\t\t<div class=\"_Ejb\">\n<div id=\"tw-target\">\n<div id=\"tw-target-text-container\" class=\"tw-ta-container tw-nfl\">\n<h2 id=\"tw-target-text\" class=\"tw-data-text tw-ta tw-text-medium\" dir=\"ltr\" style=\"text-align: center;\" data-placeholder=\"T\u0142umaczenie\"><span lang=\"en\">Rent apartments in Ko\u0142obrzeg<\/span><\/h2>\n<\/div>\n<\/div>\n<\/div>\n<p style=\"text-align: center;\">Solna 11 &#8211; Apartament Karol &#8211; Apartamenty Ko\u0142obrzeg<\/p>\n\n\t\t<\/div>\n\t<\/div>\n<div class=\"w-separator type_invisible size_large thick_1 style_solid color_border cont_none\"><span class=\"w-separator-h\"><\/span><\/div>\t<div class=\"w-portfolio type_grid style_8 cols_3 align_center ratio_4x3 with_indents\">\t<div class=\"w-portfolio-list\"data-preloader_type=\"1\"><div class=\"w-portfolio-item size_1x1\" data-id=\"6309\" data-categories=\"\">\n\t<a class=\"w-portfolio-item-anchor\" href=\"https:\/\/solna11.artgraf.eu\/wp-content\/uploads\/2017\/07\/wakacje-w-kolobrzegu.jpg\" ref=\"magnificPopupPortfolio\" title=\"Nocowanie w ko\u0142obrzegu\">\n\t\t\t\t<div class=\"w-portfolio-item-image\" style=\"background-image: url(https:\/\/solna11.artgraf.eu\/wp-content\/uploads\/2017\/07\/wakacje-w-kolobrzegu-600x525.jpg)\">\n\t\t\t<img loading=\"lazy\" decoding=\"async\" src=\"https:\/\/solna11.artgraf.eu\/wp-content\/uploads\/2017\/07\/wakacje-w-kolobrzegu-600x525.jpg\" width=\"600\" height=\"525\" alt=\"Nocowanie w ko\u0142obrzegu\" \/>\t\t<\/div>\n\t\t\t\t\t\t\t<div class=\"w-portfolio-item-meta\">\n\t\t\t\t<div class=\"w-portfolio-item-meta-h\">\n\t\t\t\t\t<h2 class=\"w-portfolio-item-title\">Nocowanie w ko\u0142obrzegu<\/h2>\t\t\t\t\t<span class=\"w-portfolio-item-arrow\"><\/span>\n\t\t\t\t<\/div>\n\t\t\t<\/div>\n\t\t\t\t\t<\/a>\n<\/div>\n<div class=\"w-portfolio-item size_1x1\" data-id=\"6305\" data-categories=\"\">\n\t<a class=\"w-portfolio-item-anchor\" href=\"https:\/\/solna11.artgraf.eu\/wp-content\/uploads\/2013\/09\/Nocowanie-Koobrzeg.jpg\" ref=\"magnificPopupPortfolio\" title=\"Wolne Pokoje Kolobrzeg\">\n\t\t\t\t<div class=\"w-portfolio-item-image\" style=\"background-image: url(https:\/\/solna11.artgraf.eu\/wp-content\/uploads\/2013\/09\/Nocowanie-Koobrzeg-600x525.jpg)\">\n\t\t\t<img loading=\"lazy\" decoding=\"async\" src=\"https:\/\/solna11.artgraf.eu\/wp-content\/uploads\/2013\/09\/Nocowanie-Koobrzeg-600x525.jpg\" width=\"600\" height=\"525\" alt=\"Wolne Pokoje Kolobrzeg\" \/>\t\t<\/div>\n\t\t\t\t\t\t\t<div class=\"w-portfolio-item-meta\">\n\t\t\t\t<div class=\"w-portfolio-item-meta-h\">\n\t\t\t\t\t<h2 class=\"w-portfolio-item-title\">Wolne Pokoje Kolobrzeg<\/h2>\t\t\t\t\t<span class=\"w-portfolio-item-arrow\"><\/span>\n\t\t\t\t<\/div>\n\t\t\t<\/div>\n\t\t\t\t\t<\/a>\n<\/div>\n<div class=\"w-portfolio-item size_1x1\" data-id=\"6303\" data-categories=\"\">\n\t<a class=\"w-portfolio-item-anchor\" href=\"https:\/\/solna11.artgraf.eu\/wp-content\/uploads\/2017\/07\/1.jpg\" ref=\"magnificPopupPortfolio\" title=\"Wynajem Pokoi Ko\u0142obrzeg\">\n\t\t\t\t<div class=\"w-portfolio-item-image\" style=\"background-image: url(https:\/\/solna11.artgraf.eu\/wp-content\/uploads\/2017\/07\/1-600x400.jpg)\">\n\t\t\t<img loading=\"lazy\" decoding=\"async\" src=\"https:\/\/solna11.artgraf.eu\/wp-content\/uploads\/2017\/07\/1-600x400.jpg\" width=\"600\" height=\"400\" alt=\"Wynajem Pokoi Ko\u0142obrzeg\" \/>\t\t<\/div>\n\t\t\t\t\t\t\t<div class=\"w-portfolio-item-meta\">\n\t\t\t\t<div class=\"w-portfolio-item-meta-h\">\n\t\t\t\t\t<h2 class=\"w-portfolio-item-title\">Wynajem Pokoi Ko\u0142obrzeg<\/h2>\t\t\t\t\t<span class=\"w-portfolio-item-arrow\"><\/span>\n\t\t\t\t<\/div>\n\t\t\t<\/div>\n\t\t\t\t\t<\/a>\n<\/div>\n<div class=\"w-portfolio-item size_1x1\" data-id=\"6270\" data-categories=\"\">\n\t<a class=\"w-portfolio-item-anchor\" href=\"https:\/\/solna11.artgraf.eu\/wp-content\/uploads\/2016\/12\/noclegikolobrzeg.jpg\" ref=\"magnificPopupPortfolio\" title=\"Nocowanie Kolobrzeg\">\n\t\t\t\t<div class=\"w-portfolio-item-image\" style=\"background-image: url(https:\/\/solna11.artgraf.eu\/wp-content\/uploads\/2016\/12\/noclegikolobrzeg-600x525.jpg)\">\n\t\t\t<img loading=\"lazy\" decoding=\"async\" src=\"https:\/\/solna11.artgraf.eu\/wp-content\/uploads\/2016\/12\/noclegikolobrzeg-600x525.jpg\" width=\"600\" height=\"525\" alt=\"Nocowanie Kolobrzeg\" \/>\t\t<\/div>\n\t\t\t\t\t\t\t<div class=\"w-portfolio-item-meta\">\n\t\t\t\t<div class=\"w-portfolio-item-meta-h\">\n\t\t\t\t\t<h2 class=\"w-portfolio-item-title\">Nocowanie Kolobrzeg<\/h2>\t\t\t\t\t<span class=\"w-portfolio-item-arrow\"><\/span>\n\t\t\t\t<\/div>\n\t\t\t<\/div>\n\t\t\t\t\t<\/a>\n<\/div>\n<div class=\"w-portfolio-item size_1x1\" data-id=\"6268\" data-categories=\"\">\n\t<a class=\"w-portfolio-item-anchor\" href=\"https:\/\/solna11.artgraf.eu\/wp-content\/uploads\/2016\/12\/apartament-kolobrzeg.jpg\" ref=\"magnificPopupPortfolio\" title=\"Apartament na Solnej\">\n\t\t\t\t<div class=\"w-portfolio-item-image\" style=\"background-image: url(https:\/\/solna11.artgraf.eu\/wp-content\/uploads\/2016\/12\/apartament-kolobrzeg-600x525.jpg)\">\n\t\t\t<img loading=\"lazy\" decoding=\"async\" src=\"https:\/\/solna11.artgraf.eu\/wp-content\/uploads\/2016\/12\/apartament-kolobrzeg-600x525.jpg\" width=\"600\" height=\"525\" alt=\"Apartament na Solnej\" \/>\t\t<\/div>\n\t\t\t\t\t\t\t<div class=\"w-portfolio-item-meta\">\n\t\t\t\t<div class=\"w-portfolio-item-meta-h\">\n\t\t\t\t\t<h2 class=\"w-portfolio-item-title\">Apartament na Solnej<\/h2>\t\t\t\t\t<span class=\"w-portfolio-item-arrow\"><\/span>\n\t\t\t\t<\/div>\n\t\t\t<\/div>\n\t\t\t\t\t<\/a>\n<\/div>\n<div class=\"w-portfolio-item size_1x1\" data-id=\"6266\" data-categories=\"\">\n\t<a class=\"w-portfolio-item-anchor\" href=\"https:\/\/solna11.artgraf.eu\/wp-content\/uploads\/2016\/12\/wakacje-kolobrzeg.jpg\" ref=\"magnificPopupPortfolio\" title=\"Noclegi Kolobrzeg\">\n\t\t\t\t<div class=\"w-portfolio-item-image\" style=\"background-image: url(https:\/\/solna11.artgraf.eu\/wp-content\/uploads\/2016\/12\/wakacje-kolobrzeg-600x525.jpg)\">\n\t\t\t<img loading=\"lazy\" decoding=\"async\" src=\"https:\/\/solna11.artgraf.eu\/wp-content\/uploads\/2016\/12\/wakacje-kolobrzeg-600x525.jpg\" width=\"600\" height=\"525\" alt=\"Noclegi Kolobrzeg\" \/>\t\t<\/div>\n\t\t\t\t\t\t\t<div class=\"w-portfolio-item-meta\">\n\t\t\t\t<div class=\"w-portfolio-item-meta-h\">\n\t\t\t\t\t<h2 class=\"w-portfolio-item-title\">Noclegi Kolobrzeg<\/h2>\t\t\t\t\t<span class=\"w-portfolio-item-arrow\"><\/span>\n\t\t\t\t<\/div>\n\t\t\t<\/div>\n\t\t\t\t\t<\/a>\n<\/div>\n<div class=\"w-portfolio-item size_1x1\" data-id=\"6264\" data-categories=\"\">\n\t<a class=\"w-portfolio-item-anchor\" href=\"https:\/\/solna11.artgraf.eu\/wp-content\/uploads\/2017\/07\/nocleg-kolobrzeg.jpg\" ref=\"magnificPopupPortfolio\" title=\"Noclegi Kolobrzeg\">\n\t\t\t\t<div class=\"w-portfolio-item-image\" style=\"background-image: url(https:\/\/solna11.artgraf.eu\/wp-content\/uploads\/2017\/07\/nocleg-kolobrzeg-600x525.jpg)\">\n\t\t\t<img loading=\"lazy\" decoding=\"async\" src=\"https:\/\/solna11.artgraf.eu\/wp-content\/uploads\/2017\/07\/nocleg-kolobrzeg-600x525.jpg\" width=\"600\" height=\"525\" alt=\"Noclegi Kolobrzeg\" \/>\t\t<\/div>\n\t\t\t\t\t\t\t<div class=\"w-portfolio-item-meta\">\n\t\t\t\t<div class=\"w-portfolio-item-meta-h\">\n\t\t\t\t\t<h2 class=\"w-portfolio-item-title\">Noclegi Kolobrzeg<\/h2>\t\t\t\t\t<span class=\"w-portfolio-item-arrow\"><\/span>\n\t\t\t\t<\/div>\n\t\t\t<\/div>\n\t\t\t\t\t<\/a>\n<\/div>\n<div class=\"w-portfolio-item size_1x1\" data-id=\"6262\" data-categories=\"\">\n\t<a class=\"w-portfolio-item-anchor\" href=\"https:\/\/solna11.artgraf.eu\/wp-content\/uploads\/2013\/09\/tv-kolobrzeg-apartament.jpg\" ref=\"magnificPopupPortfolio\" title=\"Wakacje Kolobrzeg\">\n\t\t\t\t<div class=\"w-portfolio-item-image\" style=\"background-image: url(https:\/\/solna11.artgraf.eu\/wp-content\/uploads\/2013\/09\/tv-kolobrzeg-apartament-600x525.jpg)\">\n\t\t\t<img loading=\"lazy\" decoding=\"async\" src=\"https:\/\/solna11.artgraf.eu\/wp-content\/uploads\/2013\/09\/tv-kolobrzeg-apartament-600x525.jpg\" width=\"600\" height=\"525\" alt=\"Wakacje Kolobrzeg\" \/>\t\t<\/div>\n\t\t\t\t\t\t\t<div class=\"w-portfolio-item-meta\">\n\t\t\t\t<div class=\"w-portfolio-item-meta-h\">\n\t\t\t\t\t<h2 class=\"w-portfolio-item-title\">Wakacje Kolobrzeg<\/h2>\t\t\t\t\t<span class=\"w-portfolio-item-arrow\"><\/span>\n\t\t\t\t<\/div>\n\t\t\t<\/div>\n\t\t\t\t\t<\/a>\n<\/div>\n<div class=\"w-portfolio-item size_1x1\" data-id=\"6260\" data-categories=\"\">\n\t<a class=\"w-portfolio-item-anchor\" href=\"https:\/\/solna11.artgraf.eu\/wp-content\/uploads\/2013\/09\/Aprtament-na-solnej-kolobrzeg.jpg\" ref=\"magnificPopupPortfolio\" title=\"Apartament\">\n\t\t\t\t<div class=\"w-portfolio-item-image\" style=\"background-image: url(https:\/\/solna11.artgraf.eu\/wp-content\/uploads\/2013\/09\/Aprtament-na-solnej-kolobrzeg-600x525.jpg)\">\n\t\t\t<img loading=\"lazy\" decoding=\"async\" src=\"https:\/\/solna11.artgraf.eu\/wp-content\/uploads\/2013\/09\/Aprtament-na-solnej-kolobrzeg-600x525.jpg\" width=\"600\" height=\"525\" alt=\"Apartament\" \/>\t\t<\/div>\n\t\t\t\t\t\t\t<div class=\"w-portfolio-item-meta\">\n\t\t\t\t<div class=\"w-portfolio-item-meta-h\">\n\t\t\t\t\t<h2 class=\"w-portfolio-item-title\">Apartament<\/h2>\t\t\t\t\t<span class=\"w-portfolio-item-arrow\"><\/span>\n\t\t\t\t<\/div>\n\t\t\t<\/div>\n\t\t\t\t\t<\/a>\n<\/div>\n<\/div><\/div><\/div><\/div><\/div><\/div><\/div><\/section>\n","protected":false},"excerpt":{"rendered":"","protected":false},"author":1,"featured_media":0,"parent":0,"menu_order":0,"comment_status":"closed","ping_status":"closed","template":"","meta":{"footnotes":""},"class_list":["post-6281","page","type-page","status-publish","hentry"],"yoast_head":"<!-- This site is optimized with the Yoast SEO plugin v24.7 - https:\/\/yoast.com\/wordpress\/plugins\/seo\/ -->\n<title>- Apartament Karol - Apartamenty Ko\u0142obrzeg<\/title>\n<meta name=\"robots\" content=\"index, follow, max-snippet:-1, max-image-preview:large, max-video-preview:-1\" \/>\n<link rel=\"canonical\" href=\"https:\/\/solna11.artgraf.eu\/en\/gallery\/\" \/>\n<meta property=\"og:locale\" content=\"en_US\" \/>\n<meta property=\"og:type\" content=\"article\" \/>\n<meta property=\"og:title\" content=\"- Apartament Karol - Apartamenty Ko\u0142obrzeg\" \/>\n<meta property=\"og:url\" content=\"https:\/\/solna11.artgraf.eu\/en\/gallery\/\" \/>\n<meta property=\"og:site_name\" content=\"Apartament Karol - Apartamenty Ko\u0142obrzeg\" \/>\n<meta property=\"article:publisher\" content=\"https:\/\/www.facebook.com\/kolobrzeg.solna\/\" \/>\n<meta property=\"article:modified_time\" content=\"2017-07-06T11:29:58+00:00\" \/>\n<meta name=\"twitter:card\" content=\"summary_large_image\" \/>\n<script type=\"application\/ld+json\" class=\"yoast-schema-graph\">{\"@context\":\"https:\/\/schema.org\",\"@graph\":[{\"@type\":\"WebPage\",\"@id\":\"https:\/\/solna11.artgraf.eu\/en\/gallery\/\",\"url\":\"https:\/\/solna11.artgraf.eu\/en\/gallery\/\",\"name\":\"- Apartament Karol - Apartamenty Ko\u0142obrzeg\",\"isPartOf\":{\"@id\":\"https:\/\/solna11.artgraf.eu\/#website\"},\"datePublished\":\"2017-07-06T11:29:34+00:00\",\"dateModified\":\"2017-07-06T11:29:58+00:00\",\"inLanguage\":\"en-US\",\"potentialAction\":[{\"@type\":\"ReadAction\",\"target\":[\"https:\/\/solna11.artgraf.eu\/en\/gallery\/\"]}]},{\"@type\":\"WebSite\",\"@id\":\"https:\/\/solna11.artgraf.eu\/#website\",\"url\":\"https:\/\/solna11.artgraf.eu\/\",\"name\":\"Apartament Karol - Apartamenty Ko\u0142obrzeg\",\"description\":\"Nocleg Ko\u0142obrzeg - Wolne pokoje Ko\u0142obrzeg\",\"potentialAction\":[{\"@type\":\"SearchAction\",\"target\":{\"@type\":\"EntryPoint\",\"urlTemplate\":\"https:\/\/solna11.artgraf.eu\/?s={search_term_string}\"},\"query-input\":{\"@type\":\"PropertyValueSpecification\",\"valueRequired\":true,\"valueName\":\"search_term_string\"}}],\"inLanguage\":\"en-US\"}]}<\/script>\n<!-- \/ Yoast SEO plugin. -->","yoast_head_json":{"title":"- Apartament Karol - Apartamenty Ko\u0142obrzeg","robots":{"index":"index","follow":"follow","max-snippet":"max-snippet:-1","max-image-preview":"max-image-preview:large","max-video-preview":"max-video-preview:-1"},"canonical":"https:\/\/solna11.artgraf.eu\/en\/gallery\/","og_locale":"en_US","og_type":"article","og_title":"- Apartament Karol - Apartamenty Ko\u0142obrzeg","og_url":"https:\/\/solna11.artgraf.eu\/en\/gallery\/","og_site_name":"Apartament Karol - Apartamenty Ko\u0142obrzeg","article_publisher":"https:\/\/www.facebook.com\/kolobrzeg.solna\/","article_modified_time":"2017-07-06T11:29:58+00:00","twitter_card":"summary_large_image","schema":{"@context":"https:\/\/schema.org","@graph":[{"@type":"WebPage","@id":"https:\/\/solna11.artgraf.eu\/en\/gallery\/","url":"https:\/\/solna11.artgraf.eu\/en\/gallery\/","name":"- Apartament Karol - Apartamenty Ko\u0142obrzeg","isPartOf":{"@id":"https:\/\/solna11.artgraf.eu\/#website"},"datePublished":"2017-07-06T11:29:34+00:00","dateModified":"2017-07-06T11:29:58+00:00","inLanguage":"en-US","potentialAction":[{"@type":"ReadAction","target":["https:\/\/solna11.artgraf.eu\/en\/gallery\/"]}]},{"@type":"WebSite","@id":"https:\/\/solna11.artgraf.eu\/#website","url":"https:\/\/solna11.artgraf.eu\/","name":"Apartament Karol - Apartamenty Ko\u0142obrzeg","description":"Nocleg Ko\u0142obrzeg - Wolne pokoje Ko\u0142obrzeg","potentialAction":[{"@type":"SearchAction","target":{"@type":"EntryPoint","urlTemplate":"https:\/\/solna11.artgraf.eu\/?s={search_term_string}"},"query-input":{"@type":"PropertyValueSpecification","valueRequired":true,"valueName":"search_term_string"}}],"inLanguage":"en-US"}]}},"_links":{"self":[{"href":"https:\/\/solna11.artgraf.eu\/en\/wp-json\/wp\/v2\/pages\/6281","targetHints":{"allow":["GET"]}}],"collection":[{"href":"https:\/\/solna11.artgraf.eu\/en\/wp-json\/wp\/v2\/pages"}],"about":[{"href":"https:\/\/solna11.artgraf.eu\/en\/wp-json\/wp\/v2\/types\/page"}],"author":[{"embeddable":true,"href":"https:\/\/solna11.artgraf.eu\/en\/wp-json\/wp\/v2\/users\/1"}],"replies":[{"embeddable":true,"href":"https:\/\/solna11.artgraf.eu\/en\/wp-json\/wp\/v2\/comments?post=6281"}],"version-history":[{"count":1,"href":"https:\/\/solna11.artgraf.eu\/en\/wp-json\/wp\/v2\/pages\/6281\/revisions"}],"predecessor-version":[{"id":6282,"href":"https:\/\/solna11.artgraf.eu\/en\/wp-json\/wp\/v2\/pages\/6281\/revisions\/6282"}],"wp:attachment":[{"href":"https:\/\/solna11.artgraf.eu\/en\/wp-json\/wp\/v2\/media?parent=6281"}],"curies":[{"name":"wp","href":"https:\/\/api.w.org\/{rel}","templated":true}]}}