{"id":6362,"date":"2017-07-11T10:36:27","date_gmt":"2017-07-11T08:36:27","guid":{"rendered":"http:\/\/solna11.eu\/de\/?page_id=6362"},"modified":"2017-07-11T10:36:27","modified_gmt":"2017-07-11T08:36:27","slug":"kontakt","status":"publish","type":"page","link":"https:\/\/solna11.artgraf.eu\/de\/kontakt\/","title":{"rendered":"Kontakt"},"content":{"rendered":"<section class=\"l-section wpb_row height_auto width_full\"><div class=\"l-section-h i-cf\"><div class=\"g-cols type_default valign_top\"><div class=\"vc_col-sm-12 wpb_column vc_column_container\"><div class=\"vc_column-inner\"><div class=\"wpb_wrapper\"><div class=\"w-map\" id=\"us_map_1\" style=\"height: 400px\"><div class=\"w-map-h\"><\/div><div class=\"w-map-json\" onclick='return {&quot;address&quot;:&quot;ul. Solna 11\\\/405; 78-100 Ko\\u0142obrzeg&quot;,&quot;markers&quot;:[{&quot;address&quot;:&quot;ul. Solna 11\\\/405; 78-100 Ko\\u0142obrzeg&quot;,&quot;html&quot;:&quot;Apartamenty w Ko\\u0142obrzegu&quot;,&quot;infowindow&quot;:false},{&quot;html&quot;:&quot;Our Second Office&quot;,&quot;address&quot;:&quot;2091 Stierlin Ct, Mountain View, CA 94043&quot;,&quot;latitude&quot;:null,&quot;longitude&quot;:null},{&quot;html&quot;:&quot;Our Third Office&quot;,&quot;address&quot;:&quot;1055 Joaquin Rd #200, Mountain View, CA 94043&quot;,&quot;latitude&quot;:null,&quot;longitude&quot;:null},{&quot;html&quot;:&quot;Some Store&quot;,&quot;address&quot;:&quot;918 Industrial Ave, Palo Alto, CA 94303&quot;,&quot;latitude&quot;:null,&quot;longitude&quot;:null}],&quot;zoom&quot;:15,&quot;maptype&quot;:&quot;ROADMAP&quot;,&quot;height&quot;:&quot;400&quot;}'><\/div><\/div><\/div><\/div><\/div><\/div><\/div><\/section><section class=\"l-section wpb_row height_medium\"><div class=\"l-section-h i-cf\"><div class=\"g-cols type_default valign_top vc_column-gap-20\"><div class=\"vc_col-sm-4 wpb_column vc_column_container\"><div class=\"vc_column-inner\"><div class=\"wpb_wrapper\">\n\t<div class=\"wpb_text_column \">\n\t\t<div class=\"wpb_wrapper\">\n\t\t\t<p>Social Media<\/p>\n\n\t\t<\/div>\n\t<\/div>\n<div class=\"w-socials align_left style_outlined circle color_brand index_1\" style=\"font-size:22px;\"><div class=\"w-socials-list\"><div class=\"w-socials-item facebook\">\n\t\t\t\t<a class=\"w-socials-item-link\" target=\"_blank\" href=\"https:\/\/www.facebook.com\/kolobrzeg.solna\/\">\n\t\t\t\t\t<span class=\"w-socials-item-link-hover\"><\/span>\n\t\t\t\t\t<span class=\"w-socials-item-link-title\">Facebook<\/span>\n\t\t\t\t<\/a>\n\t\t\t\t<div class=\"w-socials-item-popup\">\n\t\t\t\t\t<span>Facebook<\/span>\n\t\t\t\t<\/div>\n\t\t\t<\/div><\/div><\/div><div class=\"w-separator type_invisible size_medium thick_1 style_solid color_border cont_none\"><span class=\"w-separator-h\"><\/span><\/div>\n\t<div class=\"wpb_text_column \">\n\t\t<div class=\"wpb_wrapper\">\n\t\t\t<h3>Kontakt<\/h3>\n\n\t\t<\/div>\n\t<\/div>\n<div class=\"w-iconbox iconpos_left style_outlined color_primary no_text\"><div class=\"w-iconbox-icon\" style=\"font-size:22px;\"><i class=\"fa fa-map-marker\"><\/i><\/div><div class=\"w-iconbox-meta\"><div class=\"w-iconbox-title\">ul. Solna 11\/405; 78-100 Ko\u0142obrzeg<\/div><\/div><\/div><div class=\"w-separator type_invisible size_small thick_1 style_solid color_border cont_none\"><span class=\"w-separator-h\"><\/span><\/div><div class=\"w-iconbox iconpos_left style_outlined color_primary no_text\"><div class=\"w-iconbox-icon\" style=\"font-size:22px;\"><i class=\"fa fa-phone\"><\/i><\/div><div class=\"w-iconbox-meta\"><div class=\"w-iconbox-title\">Tel: +48 501 085 858 <\/div><\/div><\/div><div class=\"w-separator type_invisible size_small thick_1 style_solid color_border cont_none\"><span class=\"w-separator-h\"><\/span><\/div><div class=\"w-iconbox iconpos_left style_outlined color_primary no_text\"><a class=\"w-iconbox-link\" href=\"mailto:info@solna11.eu\"><div class=\"w-iconbox-icon\" style=\"font-size:22px;\"><i class=\"fa fa-envelope\"><\/i><\/div><\/a><div class=\"w-iconbox-meta\"><a class=\"w-iconbox-link\" href=\"mailto:info@solna11.eu\"><div class=\"w-iconbox-title\">info@solna11.eu<\/div><\/a><\/div><\/div><\/div><\/div><\/div><div class=\"vc_col-sm-8 wpb_column vc_column_container\"><div class=\"vc_column-inner\"><div class=\"wpb_wrapper\">\n\t<div class=\"wpb_text_column \">\n\t\t<div class=\"wpb_wrapper\">\n\t\t\t<h3 style=\"text-align: left;\">Apartamenty Solna Ko\u0142obrzeg<\/h3>\n<p style=\"text-align: left;\"><span lang=\"de-DE\">Bei Fragen, stehen wir Ihnen gerne zur Verf\u00fcgung, wir versuchen bei allem weiterzuhelfen.<\/span><\/p>\n\n\t\t<\/div>\n\t<\/div>\n<div class=\"w-form for_cform align_left\" id=\"us_form_1\">\n\t<form class=\"w-form-h\" autocomplete=\"off\" action=\"https:\/\/solna11.artgraf.eu\/de\/wp-json\/wp\/v2\/pages\/6362\" method=\"post\">\n\t\t\t\t\t\t\t<div class=\"w-form-row for_name\">\n\t<div class=\"w-form-row-label\">\n\t\t<label for=\"us_form_1_name\"><\/label>\n\t<\/div>\n\t<div class=\"w-form-row-field\">\n\t\t\t\t<input type=\"text\" name=\"name\" id=\"us_form_1_name\" value=\"\"\n\t\t\t   placeholder=\"Name\"\/>\n\t\t<span class=\"w-form-row-field-bar\"><\/span>\n\t\t\t<\/div>\n\t<div class=\"w-form-row-state\"><\/div>\n\t<\/div>\n\t\t\t\t\t<div class=\"w-form-row for_email required\">\n\t<div class=\"w-form-row-label\">\n\t\t<label for=\"us_form_1_email\"><\/label>\n\t<\/div>\n\t<div class=\"w-form-row-field\">\n\t\t\t\t<input type=\"email\" name=\"email\" id=\"us_form_1_email\" value=\"\"\n\t\t\t   placeholder=\"Email *\" data-required=\"true\" aria-required=\"true\"\/>\n\t\t<span class=\"w-form-row-field-bar\"><\/span>\n\t\t\t<\/div>\n\t<div class=\"w-form-row-state\"><\/div>\n\t<\/div>\n\t\t\t\t\t<div class=\"w-form-row for_message required\">\n\t<div class=\"w-form-row-label\">\n\t\t<label for=\"us_form_1_message\"><\/label>\n\t<\/div>\n\t<div class=\"w-form-row-field\">\n\t\t\t\t<textarea name=\"message\" id=\"us_form_1_message\" cols=\"30\" rows=\"10\" placeholder=\"Nachricht *\"\n\t\t\t data-required=\"true\" aria-required=\"true\"><\/textarea>\n\t\t<span class=\"w-form-row-field-bar\"><\/span>\n\t\t\t<\/div>\n\t<div class=\"w-form-row-state\"><\/div>\n\t<\/div>\n\t\t\t\t\t<input type=\"hidden\" name=\"action\" value=\"us_ajax_cform\" \/>\n\t\t\t\t\t<input type=\"hidden\" name=\"post_id\" value=\"6362\" \/>\n\t\t\t\t\t<input type=\"hidden\" name=\"form_index\" value=\"1\" \/>\n\t\t\t\t\t<div class=\"w-form-row for_submit\">\n\t<div class=\"w-form-row-field\">\n\t\t<button class=\"w-btn  color_primary style_solid\" type=\"submit\"><span class=\"g-preloader type_1\"><\/span><span class=\"w-btn-label\">Nachricht senden<\/span><\/button>\n\t<\/div>\n<\/div>\n\t\t\t\t<div class=\"w-form-message\"><\/div>\n\t\t\t<\/form>\n\t\t\t<div class=\"w-form-json hidden\" onclick='return {&quot;ajaxurl&quot;:&quot;https:\\\/\\\/solna11.artgraf.eu\\\/wp-admin\\\/admin-ajax.php&quot;,&quot;success&quot;:&quot;Danke! Ihre Nachricht wurde versendet.&quot;,&quot;errors&quot;:{&quot;name&quot;:&quot;Bitte geben Sie Ihren Namen ein.&quot;,&quot;email&quot;:&quot;Please enter a valid email address.&quot;,&quot;message&quot;:&quot;Bitte geben Sie eine Nachricht ein.&quot;}}'><\/div>\n\t<\/div>\n<\/div><\/div><\/div><\/div><\/div><\/section>\n","protected":false},"excerpt":{"rendered":"Social Media Facebook Facebook Kontakt ul. Solna 11\/405; 78-100 Ko\u0142obrzegTel: +48 501 085 858 info@solna11.eu Apartamenty Solna Ko\u0142obrzeg Bei Fragen, stehen wir Ihnen gerne zur Verf\u00fcgung, wir versuchen bei allem...","protected":false},"author":1,"featured_media":0,"parent":0,"menu_order":0,"comment_status":"closed","ping_status":"closed","template":"","meta":{"footnotes":""},"class_list":["post-6362","page","type-page","status-publish","hentry"],"yoast_head":"<!-- This site is optimized with the Yoast SEO plugin v24.7 - https:\/\/yoast.com\/wordpress\/plugins\/seo\/ -->\n<title>Kontakt - Apartament Karol - Apartamenty Ko\u0142obrzeg<\/title>\n<meta name=\"robots\" content=\"index, follow, max-snippet:-1, max-image-preview:large, max-video-preview:-1\" \/>\n<link rel=\"canonical\" href=\"https:\/\/solna11.artgraf.eu\/de\/kontakt\/\" \/>\n<meta property=\"og:locale\" content=\"de_DE\" \/>\n<meta property=\"og:type\" content=\"article\" \/>\n<meta property=\"og:title\" content=\"Kontakt - Apartament Karol - Apartamenty Ko\u0142obrzeg\" \/>\n<meta property=\"og:url\" content=\"https:\/\/solna11.artgraf.eu\/de\/kontakt\/\" \/>\n<meta property=\"og:site_name\" content=\"Apartament Karol - Apartamenty Ko\u0142obrzeg\" \/>\n<meta property=\"article:publisher\" content=\"https:\/\/www.facebook.com\/kolobrzeg.solna\/\" \/>\n<meta name=\"twitter:card\" content=\"summary_large_image\" \/>\n<meta name=\"twitter:label1\" content=\"Est. reading time\" \/>\n\t<meta name=\"twitter:data1\" content=\"1 minute\" \/>\n<script type=\"application\/ld+json\" class=\"yoast-schema-graph\">{\"@context\":\"https:\/\/schema.org\",\"@graph\":[{\"@type\":\"WebPage\",\"@id\":\"https:\/\/solna11.artgraf.eu\/de\/kontakt\/\",\"url\":\"https:\/\/solna11.artgraf.eu\/de\/kontakt\/\",\"name\":\"Kontakt - Apartament Karol - Apartamenty Ko\u0142obrzeg\",\"isPartOf\":{\"@id\":\"https:\/\/solna11.artgraf.eu\/#website\"},\"datePublished\":\"2017-07-11T08:36:27+00:00\",\"breadcrumb\":{\"@id\":\"https:\/\/solna11.artgraf.eu\/de\/kontakt\/#breadcrumb\"},\"inLanguage\":\"de-DE\",\"potentialAction\":[{\"@type\":\"ReadAction\",\"target\":[\"https:\/\/solna11.artgraf.eu\/de\/kontakt\/\"]}]},{\"@type\":\"BreadcrumbList\",\"@id\":\"https:\/\/solna11.artgraf.eu\/de\/kontakt\/#breadcrumb\",\"itemListElement\":[{\"@type\":\"ListItem\",\"position\":1,\"name\":\"Home\",\"item\":\"https:\/\/solna11.artgraf.eu\/de\/\"},{\"@type\":\"ListItem\",\"position\":2,\"name\":\"Kontakt\"}]},{\"@type\":\"WebSite\",\"@id\":\"https:\/\/solna11.artgraf.eu\/#website\",\"url\":\"https:\/\/solna11.artgraf.eu\/\",\"name\":\"Apartament Karol - Apartamenty Ko\u0142obrzeg\",\"description\":\"Nocleg Ko\u0142obrzeg - Wolne pokoje Ko\u0142obrzeg\",\"potentialAction\":[{\"@type\":\"SearchAction\",\"target\":{\"@type\":\"EntryPoint\",\"urlTemplate\":\"https:\/\/solna11.artgraf.eu\/?s={search_term_string}\"},\"query-input\":{\"@type\":\"PropertyValueSpecification\",\"valueRequired\":true,\"valueName\":\"search_term_string\"}}],\"inLanguage\":\"de-DE\"}]}<\/script>\n<!-- \/ Yoast SEO plugin. -->","yoast_head_json":{"title":"Kontakt - Apartament Karol - Apartamenty Ko\u0142obrzeg","robots":{"index":"index","follow":"follow","max-snippet":"max-snippet:-1","max-image-preview":"max-image-preview:large","max-video-preview":"max-video-preview:-1"},"canonical":"https:\/\/solna11.artgraf.eu\/de\/kontakt\/","og_locale":"de_DE","og_type":"article","og_title":"Kontakt - Apartament Karol - Apartamenty Ko\u0142obrzeg","og_url":"https:\/\/solna11.artgraf.eu\/de\/kontakt\/","og_site_name":"Apartament Karol - Apartamenty Ko\u0142obrzeg","article_publisher":"https:\/\/www.facebook.com\/kolobrzeg.solna\/","twitter_card":"summary_large_image","twitter_misc":{"Est. reading time":"1 minute"},"schema":{"@context":"https:\/\/schema.org","@graph":[{"@type":"WebPage","@id":"https:\/\/solna11.artgraf.eu\/de\/kontakt\/","url":"https:\/\/solna11.artgraf.eu\/de\/kontakt\/","name":"Kontakt - Apartament Karol - Apartamenty Ko\u0142obrzeg","isPartOf":{"@id":"https:\/\/solna11.artgraf.eu\/#website"},"datePublished":"2017-07-11T08:36:27+00:00","breadcrumb":{"@id":"https:\/\/solna11.artgraf.eu\/de\/kontakt\/#breadcrumb"},"inLanguage":"de-DE","potentialAction":[{"@type":"ReadAction","target":["https:\/\/solna11.artgraf.eu\/de\/kontakt\/"]}]},{"@type":"BreadcrumbList","@id":"https:\/\/solna11.artgraf.eu\/de\/kontakt\/#breadcrumb","itemListElement":[{"@type":"ListItem","position":1,"name":"Home","item":"https:\/\/solna11.artgraf.eu\/de\/"},{"@type":"ListItem","position":2,"name":"Kontakt"}]},{"@type":"WebSite","@id":"https:\/\/solna11.artgraf.eu\/#website","url":"https:\/\/solna11.artgraf.eu\/","name":"Apartament Karol - Apartamenty Ko\u0142obrzeg","description":"Nocleg Ko\u0142obrzeg - Wolne pokoje Ko\u0142obrzeg","potentialAction":[{"@type":"SearchAction","target":{"@type":"EntryPoint","urlTemplate":"https:\/\/solna11.artgraf.eu\/?s={search_term_string}"},"query-input":{"@type":"PropertyValueSpecification","valueRequired":true,"valueName":"search_term_string"}}],"inLanguage":"de-DE"}]}},"_links":{"self":[{"href":"https:\/\/solna11.artgraf.eu\/de\/wp-json\/wp\/v2\/pages\/6362","targetHints":{"allow":["GET"]}}],"collection":[{"href":"https:\/\/solna11.artgraf.eu\/de\/wp-json\/wp\/v2\/pages"}],"about":[{"href":"https:\/\/solna11.artgraf.eu\/de\/wp-json\/wp\/v2\/types\/page"}],"author":[{"embeddable":true,"href":"https:\/\/solna11.artgraf.eu\/de\/wp-json\/wp\/v2\/users\/1"}],"replies":[{"embeddable":true,"href":"https:\/\/solna11.artgraf.eu\/de\/wp-json\/wp\/v2\/comments?post=6362"}],"version-history":[{"count":1,"href":"https:\/\/solna11.artgraf.eu\/de\/wp-json\/wp\/v2\/pages\/6362\/revisions"}],"predecessor-version":[{"id":6363,"href":"https:\/\/solna11.artgraf.eu\/de\/wp-json\/wp\/v2\/pages\/6362\/revisions\/6363"}],"wp:attachment":[{"href":"https:\/\/solna11.artgraf.eu\/de\/wp-json\/wp\/v2\/media?parent=6362"}],"curies":[{"name":"wp","href":"https:\/\/api.w.org\/{rel}","templated":true}]}}