{"id":6360,"date":"2017-07-11T10:34:01","date_gmt":"2017-07-11T08:34:01","guid":{"rendered":"http:\/\/solna11.eu\/de\/?page_id=6360"},"modified":"2017-07-11T10:34:01","modified_gmt":"2017-07-11T08:34:01","slug":"kolberg","status":"publish","type":"page","link":"https:\/\/solna11.artgraf.eu\/de\/kolberg\/","title":{"rendered":"Kolberg"},"content":{"rendered":"<section class=\"l-section wpb_row height_huge with_img\"><div class=\"l-section-img\" style=\"background-image: url(https:\/\/solna11.artgraf.eu\/wp-content\/uploads\/2013\/05\/kolobrzeg.jpg);background-position: bottom right;background-repeat: no-repeat;background-size: contain;\" data-img-width=\"957\" data-img-height=\"838\"><\/div><div class=\"l-section-h i-cf\"><div class=\"g-cols type_default valign_top\"><div class=\"vc_col-sm-6 wpb_column vc_column_container animate_afb\"><div class=\"vc_column-inner\"><div class=\"wpb_wrapper\">[vc_custom_heading text=&#8221;Apartament Karol&#8221; font_container=&#8221;tag:div|font_size:18px|text_align:left&#8221; use_theme_fonts=&#8221;yes&#8221;]\n\t<div class=\"wpb_text_column \">\n\t\t<div class=\"wpb_wrapper\">\n\t\t\t<h2><strong>Kolobrzeg<\/strong><\/h2>\n<p><span lang=\"de-DE\">Der Aufenthalt am Meer muss sich nicht nur auf das Sonnen, Spazieren und auf dem Strand erholen, begrenzen. Die meerischen Ortschaften haben viel mehr zu bieten. Wundersch\u00f6ne Sehensw\u00fcrdigkeiten, interessante Ausstellungen, kulturelle Ereignisse, wie auch viele weitere Sachen, die sowohl die kleinen, als auch gro\u00dfen Besucher begeistern k\u00f6nnen. <\/span><span lang=\"de-DE\">Kolobrzeg geh\u00f6rt zu den gr\u00f6\u00dften meerischen Erholungsorten.<\/span><\/p>\n\n\t\t<\/div>\n\t<\/div>\n<div class=\"w-separator type_invisible size_small thick_1 style_solid color_border cont_none\"><span class=\"w-separator-h\"><\/span><\/div><\/div><\/div><\/div><div class=\"vc_col-sm-6 wpb_column vc_column_container has-fill\"><div class=\"vc_column-inner  vc_custom_1452783572049\"><div class=\"wpb_wrapper\">[vc_empty_space height=&#8221;200px&#8221;]<\/div><\/div><\/div><\/div><\/div><\/section><section class=\"l-section wpb_row height_medium\" id=\"third\"><div class=\"l-section-h i-cf\"><div class=\"g-cols type_default valign_top\"><div class=\"vc_col-sm-12 wpb_column vc_column_container\"><div class=\"vc_column-inner\"><div class=\"wpb_wrapper\">\n\t<div class=\"wpb_text_column \">\n\t\t<div class=\"wpb_wrapper\">\n\t\t\t<h4 style=\"text-align: center;\"><span lang=\"de-DE\">Dies erwartet Sie im Apartament in Kolobrzeg<\/span><\/h4>\n\n\t\t<\/div>\n\t<\/div>\n<div class=\"w-separator type_invisible size_medium thick_1 style_solid color_border cont_none\"><span class=\"w-separator-h\"><\/span><\/div><div class=\"g-cols wpb_row type_default valign_top vc_inner \"><div class=\"vc_col-sm-4 wpb_column vc_column_container\"><div class=\"vc_column-inner\"><div class=\"wpb_wrapper\"><div class=\"w-image\"><div class=\"w-image-h\"><img loading=\"lazy\" decoding=\"async\" width=\"600\" height=\"525\" src=\"https:\/\/solna11.artgraf.eu\/wp-content\/uploads\/2013\/05\/kolobrzeg4-600x525.jpg\" class=\"attachment-us_img_size_1 size-us_img_size_1\" alt=\"kolobrzeg4\" srcset=\"https:\/\/solna11.artgraf.eu\/wp-content\/uploads\/2013\/05\/kolobrzeg4-600x525.jpg 600w, https:\/\/solna11.artgraf.eu\/wp-content\/uploads\/2013\/05\/kolobrzeg4-300x263.jpg 300w, https:\/\/solna11.artgraf.eu\/wp-content\/uploads\/2013\/05\/kolobrzeg4-768x673.jpg 768w, https:\/\/solna11.artgraf.eu\/wp-content\/uploads\/2013\/05\/kolobrzeg4.jpg 957w\" sizes=\"auto, (max-width: 600px) 100vw, 600px\" \/><\/div><\/div><\/div><\/div><\/div><div class=\"vc_col-sm-4 wpb_column vc_column_container\"><div class=\"vc_column-inner\"><div class=\"wpb_wrapper\"><div class=\"w-image\"><div class=\"w-image-h\"><img loading=\"lazy\" decoding=\"async\" width=\"600\" height=\"525\" src=\"https:\/\/solna11.artgraf.eu\/wp-content\/uploads\/2013\/05\/kolobrzeg2-600x525.jpg\" class=\"attachment-us_img_size_1 size-us_img_size_1\" alt=\"noclegi kolobrzeg\" srcset=\"https:\/\/solna11.artgraf.eu\/wp-content\/uploads\/2013\/05\/kolobrzeg2-600x525.jpg 600w, https:\/\/solna11.artgraf.eu\/wp-content\/uploads\/2013\/05\/kolobrzeg2-300x263.jpg 300w, https:\/\/solna11.artgraf.eu\/wp-content\/uploads\/2013\/05\/kolobrzeg2-768x673.jpg 768w, https:\/\/solna11.artgraf.eu\/wp-content\/uploads\/2013\/05\/kolobrzeg2.jpg 957w\" sizes=\"auto, (max-width: 600px) 100vw, 600px\" \/><\/div><\/div><\/div><\/div><\/div><div class=\"vc_col-sm-4 wpb_column vc_column_container\"><div class=\"vc_column-inner\"><div class=\"wpb_wrapper\"><div class=\"w-image\"><div class=\"w-image-h\"><img loading=\"lazy\" decoding=\"async\" width=\"600\" height=\"525\" src=\"https:\/\/solna11.artgraf.eu\/wp-content\/uploads\/2013\/05\/kolobrzeg3-600x525.jpg\" class=\"attachment-us_img_size_1 size-us_img_size_1\" alt=\"kolobrzeg3\" srcset=\"https:\/\/solna11.artgraf.eu\/wp-content\/uploads\/2013\/05\/kolobrzeg3-600x525.jpg 600w, https:\/\/solna11.artgraf.eu\/wp-content\/uploads\/2013\/05\/kolobrzeg3-300x263.jpg 300w, https:\/\/solna11.artgraf.eu\/wp-content\/uploads\/2013\/05\/kolobrzeg3-768x673.jpg 768w, https:\/\/solna11.artgraf.eu\/wp-content\/uploads\/2013\/05\/kolobrzeg3.jpg 957w\" sizes=\"auto, (max-width: 600px) 100vw, 600px\" \/><\/div><\/div><\/div><\/div><\/div><\/div><\/div><\/div><\/div><\/div><\/div><\/section><section class=\"l-section wpb_row height_medium\"><div class=\"l-section-h i-cf\"><div class=\"g-cols type_default valign_top\"><div class=\"vc_col-sm-12 wpb_column vc_column_container\"><div class=\"vc_column-inner\"><div class=\"wpb_wrapper\">\n\t<div class=\"wpb_text_column \">\n\t\t<div class=\"wpb_wrapper\">\n\t\t\t<h4 style=\"text-align: center;\"><span lang=\"de-DE\">Reha und SPA ? dies wird in Kolobrzeg angeboten<\/span><\/h4>\n\n\t\t<\/div>\n\t<\/div>\n<div class=\"w-separator type_invisible size_medium thick_1 style_solid color_border cont_none\"><span class=\"w-separator-h\"><\/span><\/div><div class=\"g-cols wpb_row type_default valign_top vc_inner \"><div class=\"vc_col-sm-4 wpb_column vc_column_container\"><div class=\"vc_column-inner\"><div class=\"wpb_wrapper\">\n\t<div class=\"wpb_text_column \">\n\t\t<div class=\"wpb_wrapper\">\n\t\t\t<p style=\"text-align: center;\"><span lang=\"de-DE\">Krankengymnastik<\/span><\/p>\n\n\t\t<\/div>\n\t<\/div>\n<div class=\"w-image\"><div class=\"w-image-h\"><img loading=\"lazy\" decoding=\"async\" width=\"600\" height=\"525\" src=\"https:\/\/solna11.artgraf.eu\/wp-content\/uploads\/2013\/05\/atrakcje-kolobrzeg-600x525.jpg\" class=\"attachment-us_img_size_1 size-us_img_size_1\" alt=\"atrakcje-kolobrzeg\" srcset=\"https:\/\/solna11.artgraf.eu\/wp-content\/uploads\/2013\/05\/atrakcje-kolobrzeg-600x525.jpg 600w, https:\/\/solna11.artgraf.eu\/wp-content\/uploads\/2013\/05\/atrakcje-kolobrzeg-300x263.jpg 300w, https:\/\/solna11.artgraf.eu\/wp-content\/uploads\/2013\/05\/atrakcje-kolobrzeg-768x673.jpg 768w, https:\/\/solna11.artgraf.eu\/wp-content\/uploads\/2013\/05\/atrakcje-kolobrzeg.jpg 957w\" sizes=\"auto, (max-width: 600px) 100vw, 600px\" \/><\/div><\/div><\/div><\/div><\/div><div class=\"vc_col-sm-4 wpb_column vc_column_container\"><div class=\"vc_column-inner\"><div class=\"wpb_wrapper\">\n\t<div class=\"wpb_text_column \">\n\t\t<div class=\"wpb_wrapper\">\n\t\t\t<p style=\"text-align: center;\"><span lang=\"de-DE\">Kosmetikbehandlungen<\/span><\/p>\n\n\t\t<\/div>\n\t<\/div>\n<div class=\"w-image\"><div class=\"w-image-h\"><img loading=\"lazy\" decoding=\"async\" width=\"600\" height=\"525\" src=\"https:\/\/solna11.artgraf.eu\/wp-content\/uploads\/2013\/05\/atrakcje-kolobrzeg-2-600x525.jpg\" class=\"attachment-us_img_size_1 size-us_img_size_1\" alt=\"atrakcje-kolobrzeg-2\" srcset=\"https:\/\/solna11.artgraf.eu\/wp-content\/uploads\/2013\/05\/atrakcje-kolobrzeg-2-600x525.jpg 600w, https:\/\/solna11.artgraf.eu\/wp-content\/uploads\/2013\/05\/atrakcje-kolobrzeg-2-300x263.jpg 300w, https:\/\/solna11.artgraf.eu\/wp-content\/uploads\/2013\/05\/atrakcje-kolobrzeg-2-768x673.jpg 768w, https:\/\/solna11.artgraf.eu\/wp-content\/uploads\/2013\/05\/atrakcje-kolobrzeg-2.jpg 957w\" sizes=\"auto, (max-width: 600px) 100vw, 600px\" \/><\/div><\/div><\/div><\/div><\/div><div class=\"vc_col-sm-4 wpb_column vc_column_container\"><div class=\"vc_column-inner\"><div class=\"wpb_wrapper\">\n\t<div class=\"wpb_text_column \">\n\t\t<div class=\"wpb_wrapper\">\n\t\t\t<p style=\"text-align: center;\"><span lang=\"de-DE\">Heilb\u00e4der<\/span><\/p>\n\n\t\t<\/div>\n\t<\/div>\n<div class=\"w-image\"><div class=\"w-image-h\"><img loading=\"lazy\" decoding=\"async\" width=\"600\" height=\"525\" src=\"https:\/\/solna11.artgraf.eu\/wp-content\/uploads\/2013\/05\/atrakcje-kolobrzeg-3-600x525.jpg\" class=\"attachment-us_img_size_1 size-us_img_size_1\" alt=\"\" srcset=\"https:\/\/solna11.artgraf.eu\/wp-content\/uploads\/2013\/05\/atrakcje-kolobrzeg-3-600x525.jpg 600w, https:\/\/solna11.artgraf.eu\/wp-content\/uploads\/2013\/05\/atrakcje-kolobrzeg-3-300x263.jpg 300w, https:\/\/solna11.artgraf.eu\/wp-content\/uploads\/2013\/05\/atrakcje-kolobrzeg-3-768x673.jpg 768w, https:\/\/solna11.artgraf.eu\/wp-content\/uploads\/2013\/05\/atrakcje-kolobrzeg-3.jpg 957w\" sizes=\"auto, (max-width: 600px) 100vw, 600px\" \/><\/div><\/div><\/div><\/div><\/div><\/div><div class=\"g-cols wpb_row type_default valign_top vc_column-gap-5 vc_inner \"><div class=\"vc_col-sm-4 wpb_column vc_column_container\"><div class=\"vc_column-inner\"><div class=\"wpb_wrapper\">\n\t<div class=\"wpb_text_column \">\n\t\t<div class=\"wpb_wrapper\">\n\t\t\t<p style=\"text-align: center;\"><span lang=\"de-DE\">Medizinische Gesamtpakete<\/span><\/p>\n\n\t\t<\/div>\n\t<\/div>\n<div class=\"w-image\"><div class=\"w-image-h\"><img loading=\"lazy\" decoding=\"async\" width=\"600\" height=\"525\" src=\"https:\/\/solna11.artgraf.eu\/wp-content\/uploads\/2013\/05\/atrakcje-kolobrzeg-4-600x525.jpg\" class=\"attachment-us_img_size_1 size-us_img_size_1\" alt=\"atrakcje-kolobrzeg-4\" srcset=\"https:\/\/solna11.artgraf.eu\/wp-content\/uploads\/2013\/05\/atrakcje-kolobrzeg-4-600x525.jpg 600w, https:\/\/solna11.artgraf.eu\/wp-content\/uploads\/2013\/05\/atrakcje-kolobrzeg-4-300x263.jpg 300w, https:\/\/solna11.artgraf.eu\/wp-content\/uploads\/2013\/05\/atrakcje-kolobrzeg-4-768x673.jpg 768w, https:\/\/solna11.artgraf.eu\/wp-content\/uploads\/2013\/05\/atrakcje-kolobrzeg-4.jpg 957w\" sizes=\"auto, (max-width: 600px) 100vw, 600px\" \/><\/div><\/div><\/div><\/div><\/div><div class=\"vc_col-sm-4 wpb_column vc_column_container\"><div class=\"vc_column-inner\"><div class=\"wpb_wrapper\">\n\t<div class=\"wpb_text_column \">\n\t\t<div class=\"wpb_wrapper\">\n\t\t\t<p style=\"text-align: center;\"><span lang=\"de-DE\">Kosmetische Massagen<\/span><\/p>\n\n\t\t<\/div>\n\t<\/div>\n<div class=\"w-image\"><div class=\"w-image-h\"><img loading=\"lazy\" decoding=\"async\" width=\"600\" height=\"525\" src=\"https:\/\/solna11.artgraf.eu\/wp-content\/uploads\/2013\/05\/atrakcje-kolobrzeg-5-600x525.jpg\" class=\"attachment-us_img_size_1 size-us_img_size_1\" alt=\"\" srcset=\"https:\/\/solna11.artgraf.eu\/wp-content\/uploads\/2013\/05\/atrakcje-kolobrzeg-5-600x525.jpg 600w, https:\/\/solna11.artgraf.eu\/wp-content\/uploads\/2013\/05\/atrakcje-kolobrzeg-5-300x263.jpg 300w, https:\/\/solna11.artgraf.eu\/wp-content\/uploads\/2013\/05\/atrakcje-kolobrzeg-5-768x673.jpg 768w, https:\/\/solna11.artgraf.eu\/wp-content\/uploads\/2013\/05\/atrakcje-kolobrzeg-5.jpg 957w\" sizes=\"auto, (max-width: 600px) 100vw, 600px\" \/><\/div><\/div><\/div><\/div><\/div><div class=\"vc_col-sm-4 wpb_column vc_column_container\"><div class=\"vc_column-inner\"><div class=\"wpb_wrapper\">\n\t<div class=\"wpb_text_column \">\n\t\t<div class=\"wpb_wrapper\">\n\t\t\t<p style=\"text-align: center;\"><span lang=\"de-DE\">Laufen in Kolobrzeg<\/span><\/p>\n\n\t\t<\/div>\n\t<\/div>\n<div class=\"w-image\"><div class=\"w-image-h\"><img loading=\"lazy\" decoding=\"async\" width=\"600\" height=\"525\" src=\"https:\/\/solna11.artgraf.eu\/wp-content\/uploads\/2013\/05\/atrakcje-kolobrzeg-6-600x525.jpg\" class=\"attachment-us_img_size_1 size-us_img_size_1\" alt=\"\" srcset=\"https:\/\/solna11.artgraf.eu\/wp-content\/uploads\/2013\/05\/atrakcje-kolobrzeg-6-600x525.jpg 600w, https:\/\/solna11.artgraf.eu\/wp-content\/uploads\/2013\/05\/atrakcje-kolobrzeg-6-300x263.jpg 300w, https:\/\/solna11.artgraf.eu\/wp-content\/uploads\/2013\/05\/atrakcje-kolobrzeg-6-768x673.jpg 768w, https:\/\/solna11.artgraf.eu\/wp-content\/uploads\/2013\/05\/atrakcje-kolobrzeg-6.jpg 957w\" sizes=\"auto, (max-width: 600px) 100vw, 600px\" \/><\/div><\/div><\/div><\/div><\/div><\/div><\/div><\/div><\/div><\/div><\/div><\/section><section class=\"l-section wpb_row height_medium color_primary\" id=\"fourth\"><div class=\"l-section-h i-cf\"><div class=\"g-cols type_default valign_top\"><div class=\"vc_col-sm-12 wpb_column vc_column_container\"><div class=\"vc_column-inner\"><div class=\"wpb_wrapper\"><div class=\"w-actionbox color_primary controls_right\"><div class=\"w-actionbox-text\"><h2 style=\"font-size:h3\">Haben Sie Interesse an unserem Apartament ?<\/h2><\/div><div class=\"w-actionbox-controls\"><a class=\"w-btn color_white style_solid icon_atleft\" href=\"http:\/\/solna11.eu\/kontakt\/\" style=\"font-size:20px;\"><i class=\"fa fa-envelope\"><\/i><span class=\"w-btn-label\">Kontkat<\/span><\/a><\/div><\/div><\/div><\/div><\/div><\/div><\/div><\/section>\n","protected":false},"excerpt":{"rendered":"[vc_custom_heading text=\"Apartament Karol\" font_container=\"tag:div|font_size:18px|text_align:left\" use_theme_fonts=\"yes\"] Kolobrzeg Der Aufenthalt am Meer muss sich nicht nur auf das Sonnen, Spazieren und auf dem Strand erholen, begrenzen. Die meerischen Ortschaften haben viel mehr...","protected":false},"author":1,"featured_media":0,"parent":0,"menu_order":0,"comment_status":"closed","ping_status":"closed","template":"","meta":{"footnotes":""},"class_list":["post-6360","page","type-page","status-publish","hentry"],"yoast_head":"<!-- This site is optimized with the Yoast SEO plugin v24.7 - https:\/\/yoast.com\/wordpress\/plugins\/seo\/ -->\n<title>Kolberg - Apartament Karol - Apartamenty Ko\u0142obrzeg<\/title>\n<meta name=\"robots\" content=\"index, follow, max-snippet:-1, max-image-preview:large, max-video-preview:-1\" \/>\n<link rel=\"canonical\" href=\"https:\/\/solna11.artgraf.eu\/de\/kolberg\/\" \/>\n<meta property=\"og:locale\" content=\"de_DE\" \/>\n<meta property=\"og:type\" content=\"article\" \/>\n<meta property=\"og:title\" content=\"Kolberg - Apartament Karol - Apartamenty Ko\u0142obrzeg\" \/>\n<meta property=\"og:url\" content=\"https:\/\/solna11.artgraf.eu\/de\/kolberg\/\" \/>\n<meta property=\"og:site_name\" content=\"Apartament Karol - Apartamenty Ko\u0142obrzeg\" \/>\n<meta property=\"article:publisher\" content=\"https:\/\/www.facebook.com\/kolobrzeg.solna\/\" \/>\n<meta name=\"twitter:card\" content=\"summary_large_image\" \/>\n<meta name=\"twitter:label1\" content=\"Est. reading time\" \/>\n\t<meta name=\"twitter:data1\" content=\"2 minutes\" \/>\n<script type=\"application\/ld+json\" class=\"yoast-schema-graph\">{\"@context\":\"https:\/\/schema.org\",\"@graph\":[{\"@type\":\"WebPage\",\"@id\":\"https:\/\/solna11.artgraf.eu\/de\/kolberg\/\",\"url\":\"https:\/\/solna11.artgraf.eu\/de\/kolberg\/\",\"name\":\"Kolberg - Apartament Karol - Apartamenty Ko\u0142obrzeg\",\"isPartOf\":{\"@id\":\"https:\/\/solna11.artgraf.eu\/#website\"},\"datePublished\":\"2017-07-11T08:34:01+00:00\",\"breadcrumb\":{\"@id\":\"https:\/\/solna11.artgraf.eu\/de\/kolberg\/#breadcrumb\"},\"inLanguage\":\"de-DE\",\"potentialAction\":[{\"@type\":\"ReadAction\",\"target\":[\"https:\/\/solna11.artgraf.eu\/de\/kolberg\/\"]}]},{\"@type\":\"BreadcrumbList\",\"@id\":\"https:\/\/solna11.artgraf.eu\/de\/kolberg\/#breadcrumb\",\"itemListElement\":[{\"@type\":\"ListItem\",\"position\":1,\"name\":\"Home\",\"item\":\"https:\/\/solna11.artgraf.eu\/de\/\"},{\"@type\":\"ListItem\",\"position\":2,\"name\":\"Kolberg\"}]},{\"@type\":\"WebSite\",\"@id\":\"https:\/\/solna11.artgraf.eu\/#website\",\"url\":\"https:\/\/solna11.artgraf.eu\/\",\"name\":\"Apartament Karol - Apartamenty Ko\u0142obrzeg\",\"description\":\"Nocleg Ko\u0142obrzeg - Wolne pokoje Ko\u0142obrzeg\",\"potentialAction\":[{\"@type\":\"SearchAction\",\"target\":{\"@type\":\"EntryPoint\",\"urlTemplate\":\"https:\/\/solna11.artgraf.eu\/?s={search_term_string}\"},\"query-input\":{\"@type\":\"PropertyValueSpecification\",\"valueRequired\":true,\"valueName\":\"search_term_string\"}}],\"inLanguage\":\"de-DE\"}]}<\/script>\n<!-- \/ Yoast SEO plugin. -->","yoast_head_json":{"title":"Kolberg - Apartament Karol - Apartamenty Ko\u0142obrzeg","robots":{"index":"index","follow":"follow","max-snippet":"max-snippet:-1","max-image-preview":"max-image-preview:large","max-video-preview":"max-video-preview:-1"},"canonical":"https:\/\/solna11.artgraf.eu\/de\/kolberg\/","og_locale":"de_DE","og_type":"article","og_title":"Kolberg - Apartament Karol - Apartamenty Ko\u0142obrzeg","og_url":"https:\/\/solna11.artgraf.eu\/de\/kolberg\/","og_site_name":"Apartament Karol - Apartamenty Ko\u0142obrzeg","article_publisher":"https:\/\/www.facebook.com\/kolobrzeg.solna\/","twitter_card":"summary_large_image","twitter_misc":{"Est. reading time":"2 minutes"},"schema":{"@context":"https:\/\/schema.org","@graph":[{"@type":"WebPage","@id":"https:\/\/solna11.artgraf.eu\/de\/kolberg\/","url":"https:\/\/solna11.artgraf.eu\/de\/kolberg\/","name":"Kolberg - Apartament Karol - Apartamenty Ko\u0142obrzeg","isPartOf":{"@id":"https:\/\/solna11.artgraf.eu\/#website"},"datePublished":"2017-07-11T08:34:01+00:00","breadcrumb":{"@id":"https:\/\/solna11.artgraf.eu\/de\/kolberg\/#breadcrumb"},"inLanguage":"de-DE","potentialAction":[{"@type":"ReadAction","target":["https:\/\/solna11.artgraf.eu\/de\/kolberg\/"]}]},{"@type":"BreadcrumbList","@id":"https:\/\/solna11.artgraf.eu\/de\/kolberg\/#breadcrumb","itemListElement":[{"@type":"ListItem","position":1,"name":"Home","item":"https:\/\/solna11.artgraf.eu\/de\/"},{"@type":"ListItem","position":2,"name":"Kolberg"}]},{"@type":"WebSite","@id":"https:\/\/solna11.artgraf.eu\/#website","url":"https:\/\/solna11.artgraf.eu\/","name":"Apartament Karol - Apartamenty Ko\u0142obrzeg","description":"Nocleg Ko\u0142obrzeg - Wolne pokoje Ko\u0142obrzeg","potentialAction":[{"@type":"SearchAction","target":{"@type":"EntryPoint","urlTemplate":"https:\/\/solna11.artgraf.eu\/?s={search_term_string}"},"query-input":{"@type":"PropertyValueSpecification","valueRequired":true,"valueName":"search_term_string"}}],"inLanguage":"de-DE"}]}},"_links":{"self":[{"href":"https:\/\/solna11.artgraf.eu\/de\/wp-json\/wp\/v2\/pages\/6360","targetHints":{"allow":["GET"]}}],"collection":[{"href":"https:\/\/solna11.artgraf.eu\/de\/wp-json\/wp\/v2\/pages"}],"about":[{"href":"https:\/\/solna11.artgraf.eu\/de\/wp-json\/wp\/v2\/types\/page"}],"author":[{"embeddable":true,"href":"https:\/\/solna11.artgraf.eu\/de\/wp-json\/wp\/v2\/users\/1"}],"replies":[{"embeddable":true,"href":"https:\/\/solna11.artgraf.eu\/de\/wp-json\/wp\/v2\/comments?post=6360"}],"version-history":[{"count":1,"href":"https:\/\/solna11.artgraf.eu\/de\/wp-json\/wp\/v2\/pages\/6360\/revisions"}],"predecessor-version":[{"id":6361,"href":"https:\/\/solna11.artgraf.eu\/de\/wp-json\/wp\/v2\/pages\/6360\/revisions\/6361"}],"wp:attachment":[{"href":"https:\/\/solna11.artgraf.eu\/de\/wp-json\/wp\/v2\/media?parent=6360"}],"curies":[{"name":"wp","href":"https:\/\/api.w.org\/{rel}","templated":true}]}}