{"id":6357,"date":"2017-07-11T10:23:44","date_gmt":"2017-07-11T08:23:44","guid":{"rendered":"http:\/\/solna11.eu\/de\/?page_id=6357"},"modified":"2017-07-11T10:24:04","modified_gmt":"2017-07-11T08:24:04","slug":"bilder","status":"publish","type":"page","link":"https:\/\/solna11.artgraf.eu\/de\/bilder\/","title":{"rendered":"Bilder"},"content":{"rendered":"<section class=\"l-section wpb_row height_medium\"><div class=\"l-section-h i-cf\"><div class=\"g-cols type_default valign_top\"><div class=\"vc_col-sm-12 wpb_column vc_column_container\"><div class=\"vc_column-inner\"><div class=\"wpb_wrapper\">\n\t<div class=\"wpb_text_column \">\n\t\t<div class=\"wpb_wrapper\">\n\t\t\t<div class=\"_Ejb\">\n<div id=\"tw-target\">\n<div id=\"tw-target-text-container\" class=\"tw-ta-container tw-nfl\">\n<h2 style=\"text-align: center;\"><span lang=\"de\">Wohnungen zu vermieten <\/span>Ko\u0142obrzeg<\/h2>\n<\/div>\n<\/div>\n<\/div>\n<p style=\"text-align: center;\">Solna 11 &#8211; Apartament Karol &#8211; Apartamenty Ko\u0142obrzeg<\/p>\n\n\t\t<\/div>\n\t<\/div>\n<div class=\"w-separator type_invisible size_large thick_1 style_solid color_border cont_none\"><span class=\"w-separator-h\"><\/span><\/div>\t<div class=\"w-portfolio type_grid style_8 cols_3 align_center ratio_4x3 with_indents\">\t<div class=\"w-portfolio-list\"data-preloader_type=\"1\"><div class=\"w-portfolio-item size_1x1\" data-id=\"6355\" data-categories=\"\">\n\t<a class=\"w-portfolio-item-anchor\" href=\"https:\/\/solna11.artgraf.eu\/wp-content\/uploads\/2017\/07\/6.jpg\" ref=\"magnificPopupPortfolio\" title=\"Kolberg 5\">\n\t\t\t\t<div class=\"w-portfolio-item-image\" style=\"background-image: url(https:\/\/solna11.artgraf.eu\/wp-content\/uploads\/2017\/07\/6-600x400.jpg)\">\n\t\t\t<img loading=\"lazy\" decoding=\"async\" src=\"https:\/\/solna11.artgraf.eu\/wp-content\/uploads\/2017\/07\/6-600x400.jpg\" width=\"600\" height=\"400\" alt=\"Kolberg 5\" \/>\t\t<\/div>\n\t\t\t\t\t\t\t<div class=\"w-portfolio-item-meta\">\n\t\t\t\t<div class=\"w-portfolio-item-meta-h\">\n\t\t\t\t\t<h2 class=\"w-portfolio-item-title\">Kolberg 5<\/h2>\t\t\t\t\t<span class=\"w-portfolio-item-arrow\"><\/span>\n\t\t\t\t<\/div>\n\t\t\t<\/div>\n\t\t\t\t\t<\/a>\n<\/div>\n<div class=\"w-portfolio-item size_1x1\" data-id=\"6353\" data-categories=\"\">\n\t<a class=\"w-portfolio-item-anchor\" href=\"https:\/\/solna11.artgraf.eu\/wp-content\/uploads\/2017\/07\/7.jpg\" ref=\"magnificPopupPortfolio\" title=\"Apartaments in Kolberg\">\n\t\t\t\t<div class=\"w-portfolio-item-image\" style=\"background-image: url(https:\/\/solna11.artgraf.eu\/wp-content\/uploads\/2017\/07\/7-600x400.jpg)\">\n\t\t\t<img loading=\"lazy\" decoding=\"async\" src=\"https:\/\/solna11.artgraf.eu\/wp-content\/uploads\/2017\/07\/7-600x400.jpg\" width=\"600\" height=\"400\" alt=\"Apartaments in Kolberg\" \/>\t\t<\/div>\n\t\t\t\t\t\t\t<div class=\"w-portfolio-item-meta\">\n\t\t\t\t<div class=\"w-portfolio-item-meta-h\">\n\t\t\t\t\t<h2 class=\"w-portfolio-item-title\">Apartaments in Kolberg<\/h2>\t\t\t\t\t<span class=\"w-portfolio-item-arrow\"><\/span>\n\t\t\t\t<\/div>\n\t\t\t<\/div>\n\t\t\t\t\t<\/a>\n<\/div>\n<div class=\"w-portfolio-item size_1x1\" data-id=\"6351\" data-categories=\"\">\n\t<a class=\"w-portfolio-item-anchor\" href=\"https:\/\/solna11.artgraf.eu\/wp-content\/uploads\/2016\/12\/noclegikolobrzeg.jpg\" ref=\"magnificPopupPortfolio\" title=\"Apartament Karol\">\n\t\t\t\t<div class=\"w-portfolio-item-image\" style=\"background-image: url(https:\/\/solna11.artgraf.eu\/wp-content\/uploads\/2016\/12\/noclegikolobrzeg-600x525.jpg)\">\n\t\t\t<img loading=\"lazy\" decoding=\"async\" src=\"https:\/\/solna11.artgraf.eu\/wp-content\/uploads\/2016\/12\/noclegikolobrzeg-600x525.jpg\" width=\"600\" height=\"525\" alt=\"Apartament Karol\" \/>\t\t<\/div>\n\t\t\t\t\t\t\t<div class=\"w-portfolio-item-meta\">\n\t\t\t\t<div class=\"w-portfolio-item-meta-h\">\n\t\t\t\t\t<h2 class=\"w-portfolio-item-title\">Apartament Karol<\/h2>\t\t\t\t\t<span class=\"w-portfolio-item-arrow\"><\/span>\n\t\t\t\t<\/div>\n\t\t\t<\/div>\n\t\t\t\t\t<\/a>\n<\/div>\n<div class=\"w-portfolio-item size_1x1\" data-id=\"6349\" data-categories=\"\">\n\t<a class=\"w-portfolio-item-anchor\" href=\"https:\/\/solna11.artgraf.eu\/wp-content\/uploads\/2016\/12\/wakacje-kolobrzeg.jpg\" ref=\"magnificPopupPortfolio\" title=\"Kolobrzeg\">\n\t\t\t\t<div class=\"w-portfolio-item-image\" style=\"background-image: url(https:\/\/solna11.artgraf.eu\/wp-content\/uploads\/2016\/12\/wakacje-kolobrzeg-600x525.jpg)\">\n\t\t\t<img loading=\"lazy\" decoding=\"async\" src=\"https:\/\/solna11.artgraf.eu\/wp-content\/uploads\/2016\/12\/wakacje-kolobrzeg-600x525.jpg\" width=\"600\" height=\"525\" alt=\"Kolobrzeg\" \/>\t\t<\/div>\n\t\t\t\t\t\t\t<div class=\"w-portfolio-item-meta\">\n\t\t\t\t<div class=\"w-portfolio-item-meta-h\">\n\t\t\t\t\t<h2 class=\"w-portfolio-item-title\">Kolobrzeg<\/h2>\t\t\t\t\t<span class=\"w-portfolio-item-arrow\"><\/span>\n\t\t\t\t<\/div>\n\t\t\t<\/div>\n\t\t\t\t\t<\/a>\n<\/div>\n<div class=\"w-portfolio-item size_1x1\" data-id=\"6347\" data-categories=\"\">\n\t<a class=\"w-portfolio-item-anchor\" href=\"https:\/\/solna11.artgraf.eu\/wp-content\/uploads\/2017\/07\/7.jpg\" ref=\"magnificPopupPortfolio\" title=\"Kolberg 3\">\n\t\t\t\t<div class=\"w-portfolio-item-image\" style=\"background-image: url(https:\/\/solna11.artgraf.eu\/wp-content\/uploads\/2017\/07\/7-600x400.jpg)\">\n\t\t\t<img loading=\"lazy\" decoding=\"async\" src=\"https:\/\/solna11.artgraf.eu\/wp-content\/uploads\/2017\/07\/7-600x400.jpg\" width=\"600\" height=\"400\" alt=\"Kolberg 3\" \/>\t\t<\/div>\n\t\t\t\t\t\t\t<div class=\"w-portfolio-item-meta\">\n\t\t\t\t<div class=\"w-portfolio-item-meta-h\">\n\t\t\t\t\t<h2 class=\"w-portfolio-item-title\">Kolberg 3<\/h2>\t\t\t\t\t<span class=\"w-portfolio-item-arrow\"><\/span>\n\t\t\t\t<\/div>\n\t\t\t<\/div>\n\t\t\t\t\t<\/a>\n<\/div>\n<div class=\"w-portfolio-item size_1x1\" data-id=\"6345\" data-categories=\"\">\n\t<a class=\"w-portfolio-item-anchor\" href=\"https:\/\/solna11.artgraf.eu\/wp-content\/uploads\/2017\/07\/Nocowanie-Koobrzeg.jpg\" ref=\"magnificPopupPortfolio\" title=\"Kolberg 2\">\n\t\t\t\t<div class=\"w-portfolio-item-image\" style=\"background-image: url(https:\/\/solna11.artgraf.eu\/wp-content\/uploads\/2017\/07\/Nocowanie-Koobrzeg-600x525.jpg)\">\n\t\t\t<img loading=\"lazy\" decoding=\"async\" src=\"https:\/\/solna11.artgraf.eu\/wp-content\/uploads\/2017\/07\/Nocowanie-Koobrzeg-600x525.jpg\" width=\"600\" height=\"525\" alt=\"Kolberg 2\" \/>\t\t<\/div>\n\t\t\t\t\t\t\t<div class=\"w-portfolio-item-meta\">\n\t\t\t\t<div class=\"w-portfolio-item-meta-h\">\n\t\t\t\t\t<h2 class=\"w-portfolio-item-title\">Kolberg 2<\/h2>\t\t\t\t\t<span class=\"w-portfolio-item-arrow\"><\/span>\n\t\t\t\t<\/div>\n\t\t\t<\/div>\n\t\t\t\t\t<\/a>\n<\/div>\n<div class=\"w-portfolio-item size_1x1\" data-id=\"6343\" data-categories=\"\">\n\t<a class=\"w-portfolio-item-anchor\" href=\"https:\/\/solna11.artgraf.eu\/wp-content\/uploads\/2013\/09\/Apartamenty-solna-Kolobrzeg.jpg\" ref=\"magnificPopupPortfolio\" title=\"Kolobrzeg Unterkunft\">\n\t\t\t\t<div class=\"w-portfolio-item-image\" style=\"background-image: url(https:\/\/solna11.artgraf.eu\/wp-content\/uploads\/2013\/09\/Apartamenty-solna-Kolobrzeg-600x525.jpg)\">\n\t\t\t<img loading=\"lazy\" decoding=\"async\" src=\"https:\/\/solna11.artgraf.eu\/wp-content\/uploads\/2013\/09\/Apartamenty-solna-Kolobrzeg-600x525.jpg\" width=\"600\" height=\"525\" alt=\"Kolobrzeg Unterkunft\" \/>\t\t<\/div>\n\t\t\t\t\t\t\t<div class=\"w-portfolio-item-meta\">\n\t\t\t\t<div class=\"w-portfolio-item-meta-h\">\n\t\t\t\t\t<h2 class=\"w-portfolio-item-title\">Kolobrzeg Unterkunft<\/h2>\t\t\t\t\t<span class=\"w-portfolio-item-arrow\"><\/span>\n\t\t\t\t<\/div>\n\t\t\t<\/div>\n\t\t\t\t\t<\/a>\n<\/div>\n<div class=\"w-portfolio-item size_1x1\" data-id=\"6340\" data-categories=\"\">\n\t<a class=\"w-portfolio-item-anchor\" href=\"https:\/\/solna11.artgraf.eu\/wp-content\/uploads\/2017\/07\/tanie-noclegi-kolbrzeg.jpg\" ref=\"magnificPopupPortfolio\" title=\"Unterkunft Kolberg\">\n\t\t\t\t<div class=\"w-portfolio-item-image\" style=\"background-image: url(https:\/\/solna11.artgraf.eu\/wp-content\/uploads\/2017\/07\/tanie-noclegi-kolbrzeg-600x525.jpg)\">\n\t\t\t<img loading=\"lazy\" decoding=\"async\" src=\"https:\/\/solna11.artgraf.eu\/wp-content\/uploads\/2017\/07\/tanie-noclegi-kolbrzeg-600x525.jpg\" width=\"600\" height=\"525\" alt=\"Unterkunft Kolberg\" \/>\t\t<\/div>\n\t\t\t\t\t\t\t<div class=\"w-portfolio-item-meta\">\n\t\t\t\t<div class=\"w-portfolio-item-meta-h\">\n\t\t\t\t\t<h2 class=\"w-portfolio-item-title\">Unterkunft Kolberg<\/h2>\t\t\t\t\t<span class=\"w-portfolio-item-arrow\"><\/span>\n\t\t\t\t<\/div>\n\t\t\t<\/div>\n\t\t\t\t\t<\/a>\n<\/div>\n<div class=\"w-portfolio-item size_1x1\" data-id=\"6338\" data-categories=\"\">\n\t<a class=\"w-portfolio-item-anchor\" href=\"https:\/\/solna11.artgraf.eu\/wp-content\/uploads\/2017\/07\/Wynajem-pokoi-Kolobrzeg.jpg\" ref=\"magnificPopupPortfolio\" title=\"g\u00fcnstiger Schlaf kolberg\">\n\t\t\t\t<div class=\"w-portfolio-item-image\" style=\"background-image: url(https:\/\/solna11.artgraf.eu\/wp-content\/uploads\/2017\/07\/Wynajem-pokoi-Kolobrzeg-600x525.jpg)\">\n\t\t\t<img loading=\"lazy\" decoding=\"async\" src=\"https:\/\/solna11.artgraf.eu\/wp-content\/uploads\/2017\/07\/Wynajem-pokoi-Kolobrzeg-600x525.jpg\" width=\"600\" height=\"525\" alt=\"g\u00fcnstiger Schlaf kolberg\" \/>\t\t<\/div>\n\t\t\t\t\t\t\t<div class=\"w-portfolio-item-meta\">\n\t\t\t\t<div class=\"w-portfolio-item-meta-h\">\n\t\t\t\t\t<h2 class=\"w-portfolio-item-title\">g\u00fcnstiger Schlaf kolberg<\/h2>\t\t\t\t\t<span class=\"w-portfolio-item-arrow\"><\/span>\n\t\t\t\t<\/div>\n\t\t\t<\/div>\n\t\t\t\t\t<\/a>\n<\/div>\n<\/div><\/div><\/div><\/div><\/div><\/div><\/div><\/section>\n","protected":false},"excerpt":{"rendered":"","protected":false},"author":1,"featured_media":0,"parent":0,"menu_order":0,"comment_status":"closed","ping_status":"closed","template":"","meta":{"footnotes":""},"class_list":["post-6357","page","type-page","status-publish","hentry"],"yoast_head":"<!-- This site is optimized with the Yoast SEO plugin v24.7 - https:\/\/yoast.com\/wordpress\/plugins\/seo\/ -->\n<title>Bilder - Apartament Karol - Apartamenty Ko\u0142obrzeg<\/title>\n<meta name=\"robots\" content=\"index, follow, max-snippet:-1, max-image-preview:large, max-video-preview:-1\" \/>\n<link rel=\"canonical\" href=\"https:\/\/solna11.artgraf.eu\/de\/bilder\/\" \/>\n<meta property=\"og:locale\" content=\"de_DE\" \/>\n<meta property=\"og:type\" content=\"article\" \/>\n<meta property=\"og:title\" content=\"Bilder - Apartament Karol - Apartamenty Ko\u0142obrzeg\" \/>\n<meta property=\"og:url\" content=\"https:\/\/solna11.artgraf.eu\/de\/bilder\/\" \/>\n<meta property=\"og:site_name\" content=\"Apartament Karol - Apartamenty Ko\u0142obrzeg\" \/>\n<meta property=\"article:publisher\" content=\"https:\/\/www.facebook.com\/kolobrzeg.solna\/\" \/>\n<meta property=\"article:modified_time\" content=\"2017-07-11T08:24:04+00:00\" \/>\n<meta name=\"twitter:card\" content=\"summary_large_image\" \/>\n<script type=\"application\/ld+json\" class=\"yoast-schema-graph\">{\"@context\":\"https:\/\/schema.org\",\"@graph\":[{\"@type\":\"WebPage\",\"@id\":\"https:\/\/solna11.artgraf.eu\/de\/bilder\/\",\"url\":\"https:\/\/solna11.artgraf.eu\/de\/bilder\/\",\"name\":\"Bilder - Apartament Karol - Apartamenty Ko\u0142obrzeg\",\"isPartOf\":{\"@id\":\"https:\/\/solna11.artgraf.eu\/#website\"},\"datePublished\":\"2017-07-11T08:23:44+00:00\",\"dateModified\":\"2017-07-11T08:24:04+00:00\",\"breadcrumb\":{\"@id\":\"https:\/\/solna11.artgraf.eu\/de\/bilder\/#breadcrumb\"},\"inLanguage\":\"de-DE\",\"potentialAction\":[{\"@type\":\"ReadAction\",\"target\":[\"https:\/\/solna11.artgraf.eu\/de\/bilder\/\"]}]},{\"@type\":\"BreadcrumbList\",\"@id\":\"https:\/\/solna11.artgraf.eu\/de\/bilder\/#breadcrumb\",\"itemListElement\":[{\"@type\":\"ListItem\",\"position\":1,\"name\":\"Home\",\"item\":\"https:\/\/solna11.artgraf.eu\/de\/\"},{\"@type\":\"ListItem\",\"position\":2,\"name\":\"Bilder\"}]},{\"@type\":\"WebSite\",\"@id\":\"https:\/\/solna11.artgraf.eu\/#website\",\"url\":\"https:\/\/solna11.artgraf.eu\/\",\"name\":\"Apartament Karol - Apartamenty Ko\u0142obrzeg\",\"description\":\"Nocleg Ko\u0142obrzeg - Wolne pokoje Ko\u0142obrzeg\",\"potentialAction\":[{\"@type\":\"SearchAction\",\"target\":{\"@type\":\"EntryPoint\",\"urlTemplate\":\"https:\/\/solna11.artgraf.eu\/?s={search_term_string}\"},\"query-input\":{\"@type\":\"PropertyValueSpecification\",\"valueRequired\":true,\"valueName\":\"search_term_string\"}}],\"inLanguage\":\"de-DE\"}]}<\/script>\n<!-- \/ Yoast SEO plugin. -->","yoast_head_json":{"title":"Bilder - Apartament Karol - Apartamenty Ko\u0142obrzeg","robots":{"index":"index","follow":"follow","max-snippet":"max-snippet:-1","max-image-preview":"max-image-preview:large","max-video-preview":"max-video-preview:-1"},"canonical":"https:\/\/solna11.artgraf.eu\/de\/bilder\/","og_locale":"de_DE","og_type":"article","og_title":"Bilder - Apartament Karol - Apartamenty Ko\u0142obrzeg","og_url":"https:\/\/solna11.artgraf.eu\/de\/bilder\/","og_site_name":"Apartament Karol - Apartamenty Ko\u0142obrzeg","article_publisher":"https:\/\/www.facebook.com\/kolobrzeg.solna\/","article_modified_time":"2017-07-11T08:24:04+00:00","twitter_card":"summary_large_image","schema":{"@context":"https:\/\/schema.org","@graph":[{"@type":"WebPage","@id":"https:\/\/solna11.artgraf.eu\/de\/bilder\/","url":"https:\/\/solna11.artgraf.eu\/de\/bilder\/","name":"Bilder - Apartament Karol - Apartamenty Ko\u0142obrzeg","isPartOf":{"@id":"https:\/\/solna11.artgraf.eu\/#website"},"datePublished":"2017-07-11T08:23:44+00:00","dateModified":"2017-07-11T08:24:04+00:00","breadcrumb":{"@id":"https:\/\/solna11.artgraf.eu\/de\/bilder\/#breadcrumb"},"inLanguage":"de-DE","potentialAction":[{"@type":"ReadAction","target":["https:\/\/solna11.artgraf.eu\/de\/bilder\/"]}]},{"@type":"BreadcrumbList","@id":"https:\/\/solna11.artgraf.eu\/de\/bilder\/#breadcrumb","itemListElement":[{"@type":"ListItem","position":1,"name":"Home","item":"https:\/\/solna11.artgraf.eu\/de\/"},{"@type":"ListItem","position":2,"name":"Bilder"}]},{"@type":"WebSite","@id":"https:\/\/solna11.artgraf.eu\/#website","url":"https:\/\/solna11.artgraf.eu\/","name":"Apartament Karol - Apartamenty Ko\u0142obrzeg","description":"Nocleg Ko\u0142obrzeg - Wolne pokoje Ko\u0142obrzeg","potentialAction":[{"@type":"SearchAction","target":{"@type":"EntryPoint","urlTemplate":"https:\/\/solna11.artgraf.eu\/?s={search_term_string}"},"query-input":{"@type":"PropertyValueSpecification","valueRequired":true,"valueName":"search_term_string"}}],"inLanguage":"de-DE"}]}},"_links":{"self":[{"href":"https:\/\/solna11.artgraf.eu\/de\/wp-json\/wp\/v2\/pages\/6357","targetHints":{"allow":["GET"]}}],"collection":[{"href":"https:\/\/solna11.artgraf.eu\/de\/wp-json\/wp\/v2\/pages"}],"about":[{"href":"https:\/\/solna11.artgraf.eu\/de\/wp-json\/wp\/v2\/types\/page"}],"author":[{"embeddable":true,"href":"https:\/\/solna11.artgraf.eu\/de\/wp-json\/wp\/v2\/users\/1"}],"replies":[{"embeddable":true,"href":"https:\/\/solna11.artgraf.eu\/de\/wp-json\/wp\/v2\/comments?post=6357"}],"version-history":[{"count":2,"href":"https:\/\/solna11.artgraf.eu\/de\/wp-json\/wp\/v2\/pages\/6357\/revisions"}],"predecessor-version":[{"id":6359,"href":"https:\/\/solna11.artgraf.eu\/de\/wp-json\/wp\/v2\/pages\/6357\/revisions\/6359"}],"wp:attachment":[{"href":"https:\/\/solna11.artgraf.eu\/de\/wp-json\/wp\/v2\/media?parent=6357"}],"curies":[{"name":"wp","href":"https:\/\/api.w.org\/{rel}","templated":true}]}}